{"id":15952,"date":"2022-02-14T15:52:43","date_gmt":"2022-02-14T13:52:43","guid":{"rendered":"https:\/\/christiantour.ro\/blog\/?page_id=15952"},"modified":"2023-03-30T15:53:42","modified_gmt":"2023-03-30T13:53:42","slug":"acasa","status":"publish","type":"page","link":"https:\/\/christiantour.ro\/blog\/","title":{"rendered":"Acasa"},"content":{"rendered":"<p>[et_pb_section fb_built=&#8221;1&#8243; _builder_version=&#8221;4.14.8&#8243; _module_preset=&#8221;default&#8221; custom_margin=&#8221;0px||0px||false|false&#8221; custom_padding=&#8221;0px||0px||false|false&#8221; da_disable_devices=&#8221;off|off|off&#8221; global_colors_info=&#8221;{}&#8221; da_is_popup=&#8221;off&#8221; da_exit_intent=&#8221;off&#8221; da_has_close=&#8221;on&#8221; da_alt_close=&#8221;off&#8221; da_dark_close=&#8221;off&#8221; da_not_modal=&#8221;on&#8221; da_is_singular=&#8221;off&#8221; da_with_loader=&#8221;off&#8221; da_has_shadow=&#8221;on&#8221;][et_pb_row admin_label=&#8221;titul Descopera&#8221; _builder_version=&#8221;4.14.7&#8243; _module_preset=&#8221;default&#8221; global_colors_info=&#8221;{}&#8221;][et_pb_column type=&#8221;4_4&#8243; _builder_version=&#8221;4.14.7&#8243; _module_preset=&#8221;default&#8221; global_colors_info=&#8221;{}&#8221;][et_pb_text _builder_version=&#8221;4.14.8&#8243; _module_preset=&#8221;default&#8221; header_text_color=&#8221;#000000&#8243; header_2_text_color=&#8221;gcid-f2ad8253-8e94-4b74-92a7-e0733eb5b9f9&#8243; text_orientation=&#8221;center&#8221; width=&#8221;60%&#8221; width_tablet=&#8221;80%&#8221; width_phone=&#8221;100%&#8221; width_last_edited=&#8221;on|phone&#8221; module_alignment=&#8221;center&#8221; header_font_size_tablet=&#8221;&#8221; header_font_size_phone=&#8221;24px&#8221; header_font_size_last_edited=&#8221;on|phone&#8221; global_colors_info=&#8221;{%22gcid-f2ad8253-8e94-4b74-92a7-e0733eb5b9f9%22:%91%22header_2_text_color%22%93}&#8221;]<\/p>\n<h1>Afl\u0103 tot ce ai nevoie despre destina\u021bia ta preferat\u0103!<\/h1>\n<p>[\/et_pb_text][et_pb_divider color=&#8221;#EBF1FB&#8221; divider_position=&#8221;center&#8221; divider_weight=&#8221;2px&#8221; _builder_version=&#8221;4.14.7&#8243; _module_preset=&#8221;default&#8221; width=&#8221;15%&#8221; module_alignment=&#8221;center&#8221; global_colors_info=&#8221;{}&#8221;][\/et_pb_divider][\/et_pb_column][\/et_pb_row][et_pb_row make_equal=&#8221;on&#8221; admin_label=&#8221;categorii &#8211; tipuri de vacante&#8221; _builder_version=&#8221;4.14.7&#8243; _module_preset=&#8221;default&#8221; width=&#8221;100%&#8221; module_alignment=&#8221;center&#8221; global_colors_info=&#8221;{}&#8221;][et_pb_column type=&#8221;4_4&#8243; _builder_version=&#8221;4.14.7&#8243; _module_preset=&#8221;default&#8221; global_colors_info=&#8221;{}&#8221;][et_pb_text _builder_version=&#8221;4.14.8&#8243; _module_preset=&#8221;default&#8221; text_orientation=&#8221;center&#8221; width=&#8221;70%&#8221; width_tablet=&#8221;80%&#8221; width_phone=&#8221;90%&#8221; width_last_edited=&#8221;on|tablet&#8221; module_alignment=&#8221;center&#8221; custom_margin=&#8221;||40px||false|false&#8221; custom_margin_tablet=&#8221;||40px||false|false&#8221; custom_margin_phone=&#8221;||20px||false|false&#8221; custom_margin_last_edited=&#8221;on|phone&#8221; custom_padding=&#8221;||||false|false&#8221; text_font_size_tablet=&#8221;&#8221; text_font_size_phone=&#8221;15px&#8221; text_font_size_last_edited=&#8221;on|phone&#8221; text_line_height_tablet=&#8221;&#8221; text_line_height_phone=&#8221;1.5em&#8221; text_line_height_last_edited=&#8221;on|phone&#8221; global_colors_info=&#8221;{}&#8221;]<\/p>\n<p>De 25 de ani, Christian Tour creeaz\u0103 c\u00e2te un drum spre fiecare vis \u0219i peste 1 milion si jum\u0103tate de rom\u00e2ni s-au bucurat de vacan\u021be perfecte \u00een tot acest timp. Dup\u0103 at\u00e2\u021bia ani de activitate am format o comunitate pasionat\u0103 de c\u0103l\u0103torii \u0219i vacan\u021be de vis. Iubim s\u0103 c\u0103l\u0103torim \u0219i vrem s\u0103 \u00eemp\u0103rt\u0103\u0219im pasiunea noastr\u0103 \u0219i cu tine. Fii cu ochii pe noi \u0219i r\u0103m\u00e2i la curent cu ofertele si trendurile noastre turistice.<\/p>\n<p>&nbsp;<\/p>\n<p>[\/et_pb_text][et_pb_de_mach_cat_loop post_type_define=&#8221;custom&#8221; post_type_choose=&#8221;dmach_tax&#8221; acf_name=&#8221;field_620b5b998d694&#8243; column_style=&#8221;text-below&#8221; columns=&#8221;5&#8243; columns_tablet=&#8221;3&#8243; columns_mobile=&#8221;2&#8243; text_orientation=&#8221;center&#8221; show_all_terms=&#8221;off&#8221; is_loop_layout=&#8221;off&#8221; show_all=&#8221;on&#8221; disabled_on=&#8221;on|on|on&#8221; module_class=&#8221;sfaturi-de-calatorie-homepage&#8221; _builder_version=&#8221;4.14.8&#8243; _module_preset=&#8221;default&#8221; text_text_align=&#8221;center&#8221; text_font_size=&#8221;18px&#8221; text_line_height=&#8221;1.7em&#8221; background_enable_color=&#8221;off&#8221; custom_padding=&#8221;20px|20px||20px|false|true&#8221; text_font_size_tablet=&#8221;14px&#8221; text_font_size_phone=&#8221;14px&#8221; text_font_size_last_edited=&#8221;on|phone&#8221; disabled=&#8221;on&#8221; global_colors_info=&#8221;{}&#8221;][\/et_pb_de_mach_cat_loop][dica_divi_carousel item_width_auto=&#8221;on&#8221; item_width=&#8221;400px&#8221; item_width_tablet=&#8221;400px&#8221; item_width_phone=&#8221;275px&#8221; item_width_last_edited=&#8221;on|phone&#8221; centermode=&#8221;on&#8221; loop=&#8221;on&#8221; arrow_nav=&#8221;on&#8221; item_spacing=&#8221;20&#8243; item_vertical_align=&#8221;center&#8221; dg_hash_nav=&#8221;on&#8221; advanced_effect=&#8221;1&#8243; arrow_nav_color=&#8221;#1E2E5F&#8221; arrow_bg_color=&#8221;rgba(255,255,255,0.5)&#8221; title_background=&#8221;rgba(30,46,95,0.5)&#8221; title_margin=&#8221;||300px||false|false&#8221; title_margin_tablet=&#8221;||300px||false|false&#8221; title_margin_phone=&#8221;||220px||false|false&#8221; title_margin_last_edited=&#8221;on|phone&#8221; title_padding=&#8221;10px|10px||20px|false|false&#8221; module_class=&#8221;carusel-tipuri-vacante&#8221; _builder_version=&#8221;4.14.8&#8243; _module_preset=&#8221;default&#8221; title_text_align=&#8221;justify&#8221; title_text_color=&#8221;#FFFFFF&#8221; title_line_height=&#8221;1.7em&#8221; custom_css_title=&#8221;width:100% !important;&#8221; custom_css_content=&#8221;width:100% !important;&#8221; border_radii_item=&#8221;on|20px|20px|20px|20px&#8221; global_colors_info=&#8221;{}&#8221;][dica_divi_carouselitem title=&#8221;Vacante Last Minute&#8221; button_url_new_window=&#8221;1&#8243; image_position=&#8221;image_bottom&#8221; _builder_version=&#8221;4.14.8&#8243; _module_preset=&#8221;default&#8221; subtitle_text_color=&#8221;#FFFFFF&#8221; background_enable_color=&#8221;off&#8221; background_image=&#8221;https:\/\/christiantour.ro\/blog\/wp-content\/uploads\/2017\/04\/Zakynthos-Miro-Zante-Imperial-Resort-Water-Park-exterior-piscina-tobogane-mare-e1496141614459.jpg&#8221; background_enable_image=&#8221;on&#8221; link_option_url=&#8221;https:\/\/christiantour.ro\/blog\/tip-de-vacanta\/vacanta-ta-last-minute\/&#8221; global_colors_info=&#8221;{}&#8221;][\/dica_divi_carouselitem][dica_divi_carouselitem title=&#8221;Sejururi&#8221; button_url_new_window=&#8221;1&#8243; image_position=&#8221;image_bottom&#8221; _builder_version=&#8221;4.14.8&#8243; _module_preset=&#8221;default&#8221; subtitle_text_color=&#8221;#FFFFFF&#8221; background_enable_color=&#8221;off&#8221; background_image=&#8221;https:\/\/christiantour.ro\/blog\/wp-content\/uploads\/2017\/07\/Alcudia-Beach-Mallorca-Balearic-Islands-Spain-shutterstock_157329017.jpg&#8221; background_enable_image=&#8221;on&#8221; link_option_url=&#8221;https:\/\/christiantour.ro\/blog\/tip-de-vacanta\/sejur\/&#8221; global_colors_info=&#8221;{}&#8221;][\/dica_divi_carouselitem][dica_divi_carouselitem title=&#8221;Pelerinaje&#8221; button_url_new_window=&#8221;1&#8243; _builder_version=&#8221;4.14.8&#8243; _module_preset=&#8221;default&#8221; link_option_url=&#8221;https:\/\/christiantour.ro\/blog\/tip-de-vacanta\/pelerinaje\/&#8221; global_colors_info=&#8221;{}&#8221;][\/dica_divi_carouselitem][dica_divi_carouselitem title=&#8221;Circuite Culturale&#8221; button_url_new_window=&#8221;1&#8243; image_position=&#8221;image_bottom&#8221; _builder_version=&#8221;4.14.8&#8243; _module_preset=&#8221;default&#8221; subtitle_text_color=&#8221;#FFFFFF&#8221; background_enable_color=&#8221;off&#8221; background_image=&#8221;https:\/\/christiantour.ro\/blog\/wp-content\/uploads\/2017\/03\/EDITORIAL-Louvre-museum-and-park-des-Tuileries-shutterstock_161186036.jpg&#8221; background_enable_image=&#8221;on&#8221; link_option_url=&#8221;https:\/\/christiantour.ro\/blog\/tip-de-vacanta\/circuite-culturale\/&#8221; global_colors_info=&#8221;{}&#8221;][\/dica_divi_carouselitem][dica_divi_carouselitem title=&#8221;Circuite Exotice&#8221; button_url_new_window=&#8221;1&#8243; _builder_version=&#8221;4.14.8&#8243; _module_preset=&#8221;default&#8221; link_option_url=&#8221;https:\/\/christiantour.ro\/blog\/tip-de-vacanta\/circuite-exotice\/&#8221; global_colors_info=&#8221;{}&#8221;][\/dica_divi_carouselitem][dica_divi_carouselitem title=&#8221;Circuite Adventure&#8221; button_url_new_window=&#8221;1&#8243; _builder_version=&#8221;4.14.8&#8243; _module_preset=&#8221;default&#8221; link_option_url=&#8221;https:\/\/christiantour.ro\/blog\/tip-de-vacanta\/circuite-adventure\/&#8221; global_colors_info=&#8221;{}&#8221;][\/dica_divi_carouselitem][dica_divi_carouselitem title=&#8221;Senior Voyage&#8221; button_url_new_window=&#8221;1&#8243; _builder_version=&#8221;4.14.8&#8243; _module_preset=&#8221;default&#8221; link_option_url=&#8221;https:\/\/christiantour.ro\/blog\/tip-de-vacanta\/senior-voyage\/&#8221; global_colors_info=&#8221;{}&#8221;][\/dica_divi_carouselitem][dica_divi_carouselitem title=&#8221;Destinatii de Schi&#8221; button_url_new_window=&#8221;1&#8243; image_position=&#8221;image_bottom&#8221; _builder_version=&#8221;4.14.8&#8243; _module_preset=&#8221;default&#8221; subtitle_text_color=&#8221;#FFFFFF&#8221; background_enable_color=&#8221;off&#8221; background_image=&#8221;https:\/\/christiantour.ro\/blog\/wp-content\/uploads\/2017\/04\/Fantastic-alpine-landscape-with-stunning-green-fields-and-high-snowy-Piatra-Craiului-mountains-near-Brasov-Transylvania-Romania-Europe.shutterstock_608554670.jpg&#8221; background_enable_image=&#8221;on&#8221; link_option_url=&#8221;https:\/\/christiantour.ro\/blog\/tip-de-vacanta\/destinatii-ski\/&#8221; global_colors_info=&#8221;{}&#8221;][\/dica_divi_carouselitem][dica_divi_carouselitem title=&#8221;City break&#8221; button_url_new_window=&#8221;1&#8243; image_position=&#8221;image_bottom&#8221; _builder_version=&#8221;4.14.8&#8243; _module_preset=&#8221;default&#8221; subtitle_text_color=&#8221;#FFFFFF&#8221; background_enable_color=&#8221;off&#8221; background_image=&#8221;https:\/\/christiantour.ro\/blog\/wp-content\/uploads\/2017\/03\/View-on-Paris-form-Notre-Dame-cathedral-shutterstock_113654788.jpg&#8221; background_enable_image=&#8221;on&#8221; link_option_url=&#8221;https:\/\/christiantour.ro\/blog\/tip-de-vacanta\/vacanta-ta-city-breaks\/&#8221; global_colors_info=&#8221;{}&#8221;][\/dica_divi_carouselitem][\/dica_divi_carousel][\/et_pb_column][\/et_pb_row][et_pb_row _builder_version=&#8221;4.14.8&#8243; _module_preset=&#8221;default&#8221; global_colors_info=&#8221;{}&#8221;][et_pb_column type=&#8221;4_4&#8243; _builder_version=&#8221;4.14.8&#8243; _module_preset=&#8221;default&#8221; global_colors_info=&#8221;{}&#8221;][et_pb_search placeholder=&#8221;Ce destinatie te intereseaza?&#8221; _builder_version=&#8221;4.14.8&#8243; _module_preset=&#8221;default&#8221; global_colors_info=&#8221;{}&#8221;][\/et_pb_search][\/et_pb_column][\/et_pb_row][et_pb_row custom_padding_last_edited=&#8221;on|desktop&#8221; admin_label=&#8221;afisare ultimele 6 articole&#8221; module_class=&#8221;slider-hp&#8221; _builder_version=&#8221;4.14.8&#8243; _module_preset=&#8221;default&#8221; positioning=&#8221;none&#8221; width=&#8221;100%&#8221; max_width=&#8221;2560px&#8221; module_alignment=&#8221;center&#8221; custom_margin=&#8221;0px||0px||false|false&#8221; custom_padding=&#8221;0px||0px||false|false&#8221; custom_padding_tablet=&#8221;0px||0px||false|false&#8221; custom_padding_phone=&#8221;0px||0px||false|false&#8221; global_colors_info=&#8221;{}&#8221;][et_pb_column type=&#8221;4_4&#8243; _builder_version=&#8221;4.14.7&#8243; _module_preset=&#8221;default&#8221; global_colors_info=&#8221;{}&#8221;][et_pb_de_mach_carousel loop_layout=&#8221;15960&#8243; posts_number=&#8221;4&#8243; order_asc_desc=&#8221;DESC&#8221; posts_number_desktop=&#8221;4&#8243; posts_number_tablet=&#8221;2&#8243; posts_number_tablet_land=&#8221;2&#8243; left_icon=&#8221;&#x34;||divi||400&#8243; right_icon=&#8221;&#x35;||divi||400&#8243; arrows_color=&#8221;#1E2E5F&#8221; infinate=&#8221;on&#8221; equal_height=&#8221;off&#8221; link_whole_gird=&#8221;on&#8221; module_class=&#8221;slider-hp&#8221; _builder_version=&#8221;4.14.8&#8243; _module_preset=&#8221;default&#8221; text_orientation=&#8221;center&#8221; custom_margin=&#8221;0px||0px||true|false&#8221; custom_padding=&#8221;0px||0px||true|false&#8221; hover_enabled=&#8221;0&#8243; global_colors_info=&#8221;{}&#8221; sticky_enabled=&#8221;0&#8243;][\/et_pb_de_mach_carousel][\/et_pb_column][\/et_pb_row][et_pb_row admin_label=&#8221;4 articole Sfaturi&#8221; _builder_version=&#8221;4.14.7&#8243; _module_preset=&#8221;default&#8221; width_tablet=&#8221;90%&#8221; width_phone=&#8221;90%&#8221; width_last_edited=&#8221;on|phone&#8221; global_colors_info=&#8221;{}&#8221;][et_pb_column type=&#8221;4_4&#8243; _builder_version=&#8221;4.14.7&#8243; _module_preset=&#8221;default&#8221; global_colors_info=&#8221;{}&#8221;][et_pb_de_mach_archive_loop post_type_choose=&#8221;off|on|off|off|off|off|off&#8221; loop_layout=&#8221;16027&#8243; posts_number=&#8221;4&#8243; include_cats=&#8221;Circuite-culturale&#8221; order_asc_desc=&#8221;DESC&#8221; map_cluster=&#8221;off&#8221; link_whole_gird=&#8221;on&#8221; columns=&#8221;2&#8243; custom_gutter_width=&#8221;on&#8221; gutter_row_gap=&#8221;30px&#8221; gutter_row_column=&#8221;30px&#8221; _builder_version=&#8221;4.14.8&#8243; _module_preset=&#8221;default&#8221; global_colors_info=&#8221;{}&#8221;][\/et_pb_de_mach_archive_loop][\/et_pb_column][\/et_pb_row][\/et_pb_section]<\/p>\n","protected":false},"excerpt":{"rendered":"<p>Afl\u0103 tot ce ai nevoie despre destina\u021bia ta preferat\u0103!De 25 de ani, Christian Tour creeaz\u0103 c\u00e2te un drum spre fiecare vis \u0219i peste 1 milion si jum\u0103tate de rom\u00e2ni s-au bucurat de vacan\u021be perfecte \u00een tot acest timp. Dup\u0103 at\u00e2\u021bia ani de activitate am format o comunitate pasionat\u0103 de c\u0103l\u0103torii \u0219i vacan\u021be de vis. Iubim [&hellip;]<\/p>\n","protected":false},"author":3782,"featured_media":15704,"parent":0,"menu_order":0,"comment_status":"closed","ping_status":"closed","template":"","meta":{"_acf_changed":false,"_et_pb_use_builder":"on","_et_pb_old_content":"","_et_gb_content_width":"","_monsterinsights_skip_tracking":false,"_monsterinsights_sitenote_active":false,"_monsterinsights_sitenote_note":"","_monsterinsights_sitenote_category":0,"footnotes":""},"class_list":["post-15952","page","type-page","status-publish","has-post-thumbnail","hentry"],"acf":[],"aioseo_notices":[],"_links":{"self":[{"href":"https:\/\/christiantour.ro\/blog\/wp-json\/wp\/v2\/pages\/15952","targetHints":{"allow":["GET"]}}],"collection":[{"href":"https:\/\/christiantour.ro\/blog\/wp-json\/wp\/v2\/pages"}],"about":[{"href":"https:\/\/christiantour.ro\/blog\/wp-json\/wp\/v2\/types\/page"}],"author":[{"embeddable":true,"href":"https:\/\/christiantour.ro\/blog\/wp-json\/wp\/v2\/users\/3782"}],"replies":[{"embeddable":true,"href":"https:\/\/christiantour.ro\/blog\/wp-json\/wp\/v2\/comments?post=15952"}],"version-history":[{"count":129,"href":"https:\/\/christiantour.ro\/blog\/wp-json\/wp\/v2\/pages\/15952\/revisions"}],"predecessor-version":[{"id":20191,"href":"https:\/\/christiantour.ro\/blog\/wp-json\/wp\/v2\/pages\/15952\/revisions\/20191"}],"wp:featuredmedia":[{"embeddable":true,"href":"https:\/\/christiantour.ro\/blog\/wp-json\/wp\/v2\/media\/15704"}],"wp:attachment":[{"href":"https:\/\/christiantour.ro\/blog\/wp-json\/wp\/v2\/media?parent=15952"}],"curies":[{"name":"wp","href":"https:\/\/api.w.org\/{rel}","templated":true}]}}