{"id":13881,"date":"2016-08-04T18:05:20","date_gmt":"2016-08-04T16:05:20","guid":{"rendered":"http:\/\/www.christiantour.ro\/blog\/?page_id=13881"},"modified":"2022-02-18T17:20:39","modified_gmt":"2022-02-18T15:20:39","slug":"senior-voyage-2","status":"publish","type":"page","link":"https:\/\/christiantour.ro\/blog\/senior-voyage-2\/","title":{"rendered":"Senior Voyage"},"content":{"rendered":"<p>Dac\u0103 \u00eenc\u0103 nu v-a\u021bi hot\u0103r\u00e2t cum s\u0103 v\u0103 petrece\u021bi concediul, recomand\u0103m c\u0103lduros unul din <a href=\"http:\/\/www.seniorvoyage.eu\/program-senior-voyage\" target=\"_blank\" rel=\"noopener\">programele Senior Voyage<\/a>! Oferim \u00een continuare c\u00e2teva propuneri pentru o vacan\u021b\u0103 perfect\u0103:<\/p>\n<p><strong>Costa del Sol (Spania), de la 395 \u20ac\/pers.<\/strong><\/p>\n<p><a href=\"http:\/\/www.christiantour.ro\/blog\/wp-content\/uploads\/2016\/08\/A-photo-of-the-coast-of-Costa-Del-Sol-from-a-luxury-villa_shutterstock_6707644.jpg\"><img loading=\"lazy\" decoding=\"async\" class=\"alignnone size-medium wp-image-13884\" src=\"http:\/\/www.christiantour.ro\/blog\/wp-content\/uploads\/2016\/08\/A-photo-of-the-coast-of-Costa-Del-Sol-from-a-luxury-villa_shutterstock_6707644-300x200.jpg\" alt=\"A photo of the coast of Costa Del Sol from a luxury villa_shutterstock_6707644\" width=\"300\" height=\"200\" srcset=\"https:\/\/christiantour.ro\/blog\/wp-content\/uploads\/2016\/08\/A-photo-of-the-coast-of-Costa-Del-Sol-from-a-luxury-villa_shutterstock_6707644-300x200.jpg 300w, https:\/\/christiantour.ro\/blog\/wp-content\/uploads\/2016\/08\/A-photo-of-the-coast-of-Costa-Del-Sol-from-a-luxury-villa_shutterstock_6707644.jpg 800w\" sizes=\"auto, (max-width: 300px) 100vw, 300px\" \/><\/a><br \/>\nDisponibil \u00een perioada Septembrie 2016-Mai 2017<br \/>\n<a href=\"http:\/\/seniorvoyage.christiantour.ro\/costa-del-sol--2016-2017\">Vezi oferta &gt;&gt;<\/a><\/p>\n<p><strong>Napoli-Sorrento (Italia), de la 295 \u20ac\/pers.<\/strong><\/p>\n<p><a href=\"http:\/\/www.christiantour.ro\/blog\/wp-content\/uploads\/2016\/08\/Italia_Procida-beautiful-island-in-the-mediterranean-sea-naples-_shutterstock_92696470.jpg\"><img loading=\"lazy\" decoding=\"async\" class=\"alignnone size-medium wp-image-13885\" src=\"http:\/\/www.christiantour.ro\/blog\/wp-content\/uploads\/2016\/08\/Italia_Procida-beautiful-island-in-the-mediterranean-sea-naples-_shutterstock_92696470-300x200.jpg\" alt=\"Italia_Procida, beautiful island in the mediterranean sea, naples _shutterstock_92696470\" width=\"300\" height=\"200\" srcset=\"https:\/\/christiantour.ro\/blog\/wp-content\/uploads\/2016\/08\/Italia_Procida-beautiful-island-in-the-mediterranean-sea-naples-_shutterstock_92696470-300x200.jpg 300w, https:\/\/christiantour.ro\/blog\/wp-content\/uploads\/2016\/08\/Italia_Procida-beautiful-island-in-the-mediterranean-sea-naples-_shutterstock_92696470.jpg 600w\" sizes=\"auto, (max-width: 300px) 100vw, 300px\" \/><\/a><br \/>\nDisponibil \u00een perioada Septembrie 2016 &#8211; Mai 2017<br \/>\n<a href=\"http:\/\/seniorvoyage.christiantour.ro\/napoli--sorrento--2016-2017\">Vezi oferta &gt;&gt;<\/a><\/p>\n<p><strong>Sicilia (Italia), de la 295 \u20ac\/pers.<\/strong><\/p>\n<p><a href=\"http:\/\/www.christiantour.ro\/blog\/wp-content\/uploads\/2016\/08\/castel-arhitectura-Noto-Sicilia-Italia_shutterstock_96415895.jpg\"><img loading=\"lazy\" decoding=\"async\" class=\"alignnone size-medium wp-image-13886\" src=\"http:\/\/www.christiantour.ro\/blog\/wp-content\/uploads\/2016\/08\/castel-arhitectura-Noto-Sicilia-Italia_shutterstock_96415895-300x200.jpg\" alt=\"castel, arhitectura, Noto, Sicilia, Italia_shutterstock_96415895\" width=\"300\" height=\"200\" srcset=\"https:\/\/christiantour.ro\/blog\/wp-content\/uploads\/2016\/08\/castel-arhitectura-Noto-Sicilia-Italia_shutterstock_96415895-300x200.jpg 300w, https:\/\/christiantour.ro\/blog\/wp-content\/uploads\/2016\/08\/castel-arhitectura-Noto-Sicilia-Italia_shutterstock_96415895.jpg 600w\" sizes=\"auto, (max-width: 300px) 100vw, 300px\" \/><\/a><br \/>\nDisponibil \u00een perioada Septembrie 2016 &#8211; Mai 2017<br \/>\n<a href=\"http:\/\/seniorvoyage.christiantour.ro\/sicilia--2016-2017\">Vezi oferta &gt;&gt;<\/a><\/p>\n<p><strong>Toscana (Italia), de la 295 \u20ac\/pers.<\/strong><\/p>\n<p><a href=\"http:\/\/www.christiantour.ro\/blog\/wp-content\/uploads\/2016\/08\/shutterstock_223071535.jpg\"><img loading=\"lazy\" decoding=\"async\" class=\"alignnone size-medium wp-image-13887\" src=\"http:\/\/www.christiantour.ro\/blog\/wp-content\/uploads\/2016\/08\/shutterstock_223071535-300x199.jpg\" alt=\"shutterstock_223071535\" width=\"300\" height=\"199\" srcset=\"https:\/\/christiantour.ro\/blog\/wp-content\/uploads\/2016\/08\/shutterstock_223071535-300x199.jpg 300w, https:\/\/christiantour.ro\/blog\/wp-content\/uploads\/2016\/08\/shutterstock_223071535.jpg 600w\" sizes=\"auto, (max-width: 300px) 100vw, 300px\" \/><\/a><br \/>\nDisponibil \u00een perioada Septembrie 2016 &#8211; Mai 2017<br \/>\n<a href=\"http:\/\/seniorvoyage.christiantour.ro\/toscana-2016-2017\">Vezi oferta &gt;&gt;<\/a><\/p>\n<p><strong>Tenerife (Spania), de la 595 \u20ac\/pers.<\/strong><\/p>\n<p><a href=\"http:\/\/www.christiantour.ro\/blog\/wp-content\/uploads\/2016\/08\/Beach-Las-Teresitas-in-Santa-cruz-de-Tenerife-north-at-Canary-Islands-shutterstock_120386935.jpg\"><img loading=\"lazy\" decoding=\"async\" class=\"alignnone size-medium wp-image-13888\" src=\"http:\/\/www.christiantour.ro\/blog\/wp-content\/uploads\/2016\/08\/Beach-Las-Teresitas-in-Santa-cruz-de-Tenerife-north-at-Canary-Islands-shutterstock_120386935-300x215.jpg\" alt=\"Beach Las Teresitas in Santa cruz de Tenerife north at Canary Islands shutterstock_120386935\" width=\"300\" height=\"215\" srcset=\"https:\/\/christiantour.ro\/blog\/wp-content\/uploads\/2016\/08\/Beach-Las-Teresitas-in-Santa-cruz-de-Tenerife-north-at-Canary-Islands-shutterstock_120386935-300x215.jpg 300w, https:\/\/christiantour.ro\/blog\/wp-content\/uploads\/2016\/08\/Beach-Las-Teresitas-in-Santa-cruz-de-Tenerife-north-at-Canary-Islands-shutterstock_120386935.jpg 600w\" sizes=\"auto, (max-width: 300px) 100vw, 300px\" \/><\/a><br \/>\nDisponibil \u00een perioada Iunie 2016 &#8211; Iunie 2017<br \/>\n<a href=\"http:\/\/seniorvoyage.christiantour.ro\/tenerife--2016--2017\">Vezi oferta &gt;&gt;<\/a><\/p>\n<p>&nbsp;<\/p>\n<p>Toate programele Senior Voyage sunt disponibile <a href=\"http:\/\/www.seniorvoyage.eu\/program-senior-voyage\" target=\"_blank\" rel=\"noopener\">aici<\/a>.<\/p>\n","protected":false},"excerpt":{"rendered":"<p>Dac\u0103 \u00eenc\u0103 nu v-a\u021bi hot\u0103r\u00e2t cum s\u0103 v\u0103 petrece\u021bi concediul, recomand\u0103m c\u0103lduros unul din programele Senior Voyage! Oferim \u00een continuare c\u00e2teva propuneri pentru o vacan\u021b\u0103 perfect\u0103: Costa del Sol (Spania), de la 395 \u20ac\/pers. Disponibil \u00een perioada Septembrie 2016-Mai 2017 Vezi oferta &gt;&gt; Napoli-Sorrento (Italia), de la 295 \u20ac\/pers. Disponibil \u00een perioada Septembrie 2016 &#8211; [&hellip;]<\/p>\n","protected":false},"author":3763,"featured_media":0,"parent":0,"menu_order":3,"comment_status":"closed","ping_status":"closed","template":"","meta":{"_acf_changed":false,"_et_pb_use_builder":"off","_et_pb_old_content":"","_et_gb_content_width":"","_monsterinsights_skip_tracking":false,"_monsterinsights_sitenote_active":false,"_monsterinsights_sitenote_note":"","_monsterinsights_sitenote_category":0,"footnotes":""},"class_list":["post-13881","page","type-page","status-publish","hentry"],"acf":[],"aioseo_notices":[],"_links":{"self":[{"href":"https:\/\/christiantour.ro\/blog\/wp-json\/wp\/v2\/pages\/13881","targetHints":{"allow":["GET"]}}],"collection":[{"href":"https:\/\/christiantour.ro\/blog\/wp-json\/wp\/v2\/pages"}],"about":[{"href":"https:\/\/christiantour.ro\/blog\/wp-json\/wp\/v2\/types\/page"}],"author":[{"embeddable":true,"href":"https:\/\/christiantour.ro\/blog\/wp-json\/wp\/v2\/users\/3763"}],"replies":[{"embeddable":true,"href":"https:\/\/christiantour.ro\/blog\/wp-json\/wp\/v2\/comments?post=13881"}],"version-history":[{"count":18,"href":"https:\/\/christiantour.ro\/blog\/wp-json\/wp\/v2\/pages\/13881\/revisions"}],"predecessor-version":[{"id":17742,"href":"https:\/\/christiantour.ro\/blog\/wp-json\/wp\/v2\/pages\/13881\/revisions\/17742"}],"wp:attachment":[{"href":"https:\/\/christiantour.ro\/blog\/wp-json\/wp\/v2\/media?parent=13881"}],"curies":[{"name":"wp","href":"https:\/\/api.w.org\/{rel}","templated":true}]}}